{"id":19424,"date":"2018-08-13T17:21:19","date_gmt":"2018-08-13T15:21:19","guid":{"rendered":"https:\/\/shop.tecniempresa.com\/?page_id=19424"},"modified":"2022-01-31T13:42:37","modified_gmt":"2022-01-31T12:42:37","slug":"politica-de-privacidad","status":"publish","type":"page","link":"https:\/\/www.caesarformacion.es\/pagos\/politica-de-privacidad\/","title":{"rendered":"Pol\u00edtica de Privacidad"},"content":{"rendered":"<h2 class=\"alt-font margen\">Pol\u00edtica de Privacidad<\/h2>\n<p>La Academia Caesar, y en su nombre el Responsable del tratamiento de datos, Rub\u00e9n Vizca\u00edno Balsera, respeta sus derechos de privacidad y se compromete a proteger la informaci\u00f3n de los datos personales que nos facilite, bien entendido que los mismos se proporcionan de forma voluntaria. Los datos personales que nos facilita ser\u00e1n objeto de tratamiento de manera l\u00edcita, leal y transparente por el Responsable del tratamiento, de conformidad y en cumplimiento de los dispuesto en el Reglamento de Protecci\u00f3n de Datos 679\/2016 y en la Ley Org\u00e1nica 3\/2018 de Protecci\u00f3n de Datos Personales y garant\u00edas de los derechos digitales.<\/p>\n<h3>Origen de los Datos<\/h3>\n<p>Los datos personales son proporcionados voluntariamente por el usuario, siendo \u00e9stos los imprescindibles para la prestaci\u00f3n del servicio o tr\u00e1mite que se solicite. Para ello, los datos que nos proporcione deben ser correctos, actuales y veraces, as\u00ed como adecuados y limitados a lo necesario.<\/p>\n<p>El Responsable se exime de cualquier responsabilidad de los datos falsos o inexactos que se proporcionen, as\u00ed como de los perjuicios que \u00e9stos pudieran causar a terceros.<\/p>\n<p>La revocaci\u00f3n del consentimiento no tiene efecto retroactivo, por lo que esta decisi\u00f3n no alterar\u00e1 la licitud del tratamiento fundamentado en el consentimiento prestado con anterioridad a la revocaci\u00f3n, ni consecuentemente al cumplimiento del servicio solicitado.<\/p>\n<p>Los datos ser\u00e1n facilitados por personas mayores de edad.<\/p>\n<h3>Finalidades de uso de los datos<\/h3>\n<p>El tratamiento que realizamos de sus datos personales se sujeta a una base jur\u00eddica y leg\u00edtima que responde a las siguientes finalidades:<\/p>\n<ul>\n<li>Gestionar, administrar y prestar los servicios que el usuario solicite de Caesar Formaci\u00f3n.<\/li>\n<li>Gestionar y cumplir los t\u00e9rminos contractuales y precontractuales que se suscriban.<\/li>\n<li>Comunicar la informaci\u00f3n sobre novedades, actualizaciones u ofertas que desde la Academia se pudieran ofrecer.<\/li>\n<li>Atender cualquier informaci\u00f3n que se solicite de las opciones de pruebas o clases indicadas en la p\u00e1gina Web.<\/li>\n<li>Responder a las cuestiones, preguntas o dudas que se planten por la misma v\u00eda o medio que ha sido utilizado por el usuario.<\/li>\n<\/ul>\n<h3>Cesi\u00f3n a terceros<\/h3>\n<p>Los datos proporcionados no ser\u00e1n cedidos a terceros, salvo que dicha cesi\u00f3n est\u00e9 amparada en una obligaci\u00f3n legal, en un requerimiento judicial o de una administraci\u00f3n p\u00fablica con competencia para ello, o bien cuando la prestaci\u00f3n del servicio implique la necesidad de una relaci\u00f3n contractual con un tercero, denominado encargado, con qui\u00e9n se formalizar\u00e1 el correspondiente documento que recoja las obligaciones y responsabilidades de ambas partes.<\/p>\n<p>Los datos no ser\u00e1n objeto de transferencia internacional.<\/p>\n<h3>Conservaci\u00f3n de los datos<\/h3>\n<p>Los datos personales ser\u00e1n conservados mientras que no sean revocados, y en su caso, por el tiempo que resulte necesario en cumplimiento de obligaci\u00f3n legal. Transcurrido el plazo que corresponda de conservaci\u00f3n de los datos, \u00e9stos ser\u00e1n suprimidos.<\/p>\n<h3>Ficheros log<\/h3>\n<p>Como la mayor\u00eda de p\u00e1ginas web, www.caesarformacion.es utiliza ficheros log.<br \/>\nEsta informaci\u00f3n puede incluir direcciones de IP, tipo de navegador, proveedor de acceso a internet (ISP), p\u00e1ginas de salida\/entrada, tipo de plataforma, sello de hora y fecha o n\u00famero de clicks para analizar tendencias, administrar la p\u00e1gina web, seguir los movimientos del cliente de forma agregada y recabar informaci\u00f3n demogr\u00e1fica en sentido amplio para uso conjunto. En todo caso, ninguna informaci\u00f3n que se almacene en ficheros log, incluida pero no limitada a las direcciones de IP, est\u00e1 relacionada con informaci\u00f3n personal que identifiquen a una persona.<\/p>\n<p>Medidas de Seguridad<\/p>\n<p>En nuestro compromiso por la seguridad, garantizamos la confidencialidad, integridad y disponibilidad de los sistemas y servicios vinculados al tratamiento de sus datos. A tal fin se han implementado las medidas t\u00e9cnicas y organizativas apropiadas para garantizar la seguridad de sus datos personales y evitar su alteraci\u00f3n, p\u00e9rdida o acceso no autorizado, conforme establece la normativa de protecci\u00f3n de datos.<\/p>\n<p>Le informamos, igualmente que si bien nuestros servidores est\u00e1n protegidos, debido al avance de la tecnolog\u00eda, le recomendamos ponga los medios a su alcance para mantener la seguridad y protecci\u00f3n de su equipo.<\/p>\n<h3>Ejercicio de los derechos del usuario<\/h3>\n<p>En cualquier momento puede retirar su consentimiento a que sus datos personales sean tratados, pudiendo ejercer cualquiera de los siguientes derechos: de acceso (cuales son los datos objeto de tratamiento), de rectificaci\u00f3n (datos inexactos o err\u00f3neos), de supresi\u00f3n o de olvido (suprimir sus datos), oposici\u00f3n (puede oponerse por causas particulares o motivos<br \/>\ndeterminados a que sus datos sean tratados), a la portabilidad de los datos (transmitir sus datos en formato estructurado, de uso com\u00fan y lectura mec\u00e1nica) o limitaci\u00f3n al tratamiento (adopci\u00f3n de medidas sobre los datos).<\/p>\n<p>El ejercicio de estos derechos es personal y por tanto debe ser ejercido directamente por el interesado, debiendo, en su caso, enviar un escrito indicando el derecho que ejerce junto con fotocopia de su DNI u otra identificaci\u00f3n a: Ruben Vizca\u00edno Balsera \u2013 Academia Caesar, c\/ Graciano no 33, local bajo izquierda en M\u00e9rida (C.P. 06800) o enviar un correo electr\u00f3nico a<br \/>\n<a href=\"mailto:caesarformacion@gmail.com\" title=\"Enviar Email\">caesarformacion@gmail.com<\/a>.<\/p>\n<h3>Modificaci\u00f3n de la Pol\u00edtica de Privacidad<\/h3>\n<p>El Responsable se reserva el derecho a modificar en cualquier momento, el contenido de la presente Pol\u00edtica de Privacidad, con el fin de adaptarlo a las novedades legislativas o jurisprudenciales vigentes en cada momento.<\/p>\n","protected":false},"excerpt":{"rendered":"<p>Pol\u00edtica de Privacidad La Academia Caesar, y en su nombre el Responsable del tratamiento de datos, Rub\u00e9n Vizca\u00edno Balsera, respeta sus derechos de privacidad y se compromete a proteger la informaci\u00f3n de los datos personales que nos facilite, bien entendido que los mismos se proporcionan de forma voluntaria. Los datos personales que nos facilita ser\u00e1n [&#8230;]\n","protected":false},"author":1,"featured_media":0,"parent":0,"menu_order":999990,"comment_status":"closed","ping_status":"closed","template":"","meta":{"footnotes":""},"class_list":["post-19424","page","type-page","status-publish","hentry"],"_links":{"self":[{"href":"https:\/\/www.caesarformacion.es\/pagos\/wp-json\/wp\/v2\/pages\/19424","targetHints":{"allow":["GET"]}}],"collection":[{"href":"https:\/\/www.caesarformacion.es\/pagos\/wp-json\/wp\/v2\/pages"}],"about":[{"href":"https:\/\/www.caesarformacion.es\/pagos\/wp-json\/wp\/v2\/types\/page"}],"author":[{"embeddable":true,"href":"https:\/\/www.caesarformacion.es\/pagos\/wp-json\/wp\/v2\/users\/1"}],"replies":[{"embeddable":true,"href":"https:\/\/www.caesarformacion.es\/pagos\/wp-json\/wp\/v2\/comments?post=19424"}],"version-history":[{"count":1,"href":"https:\/\/www.caesarformacion.es\/pagos\/wp-json\/wp\/v2\/pages\/19424\/revisions"}],"predecessor-version":[{"id":37142,"href":"https:\/\/www.caesarformacion.es\/pagos\/wp-json\/wp\/v2\/pages\/19424\/revisions\/37142"}],"wp:attachment":[{"href":"https:\/\/www.caesarformacion.es\/pagos\/wp-json\/wp\/v2\/media?parent=19424"}],"curies":[{"name":"wp","href":"https:\/\/api.w.org\/{rel}","templated":true}]}}