{"id":16801,"date":"2018-02-17T17:12:30","date_gmt":"2018-02-17T16:12:30","guid":{"rendered":"https:\/\/shop.tecniempresa.com\/?page_id=16801"},"modified":"2021-11-04T13:47:22","modified_gmt":"2021-11-04T12:47:22","slug":"inicio-2","status":"publish","type":"page","link":"https:\/\/www.caesarformacion.es\/pagos\/","title":{"rendered":"Inicio"},"content":{"rendered":"<div class=\"woocommerce\">\t\t\t<div class=\"single-product\" data-product-page-preselected-id=\"0\">\n\t\t\t\t<div class=\"container\">\n\t<div class=\"woocommerce-notices-wrapper\"><\/div><\/div>\n<div id=\"product-35977\" class=\"nyp-product product type-product post-35977 status-publish first instock product_cat-sin-categoria has-post-thumbnail virtual taxable purchasable product-type-simple\">\n\t<div class=\"product-container\">\n  <div class=\"product-main\">\n    <div class=\"row content-row mb-0\">\n\n    \t<div class=\"product-gallery large-5 col\">\n    \t\n<div class=\"product-images relative mb-half has-hover woocommerce-product-gallery woocommerce-product-gallery--with-images woocommerce-product-gallery--columns-4 images\" data-columns=\"4\">\n\n  <div class=\"badge-container is-larger absolute left top z-1\">\n<\/div>\n\n  <div class=\"image-tools absolute top show-on-hover right z-3\">\n      <\/div>\n\n  <figure class=\"woocommerce-product-gallery__wrapper product-gallery-slider slider slider-nav-small mb-half has-image-zoom\"\n        data-flickity-options='{\n                \"cellAlign\": \"center\",\n                \"wrapAround\": true,\n                \"autoPlay\": false,\n                \"prevNextButtons\":true,\n                \"adaptiveHeight\": true,\n                \"imagesLoaded\": true,\n                \"lazyLoad\": 1,\n                \"dragThreshold\" : 15,\n                \"pageDots\": false,\n                \"rightToLeft\": false       }'>\n    <div data-thumb=\"https:\/\/www.caesarformacion.es\/pagos\/wp-content\/uploads\/recibo-caesar-100x100.jpg\" class=\"woocommerce-product-gallery__image slide first\"><a href=\"https:\/\/www.caesarformacion.es\/pagos\/wp-content\/uploads\/recibo-caesar.jpg\"><img loading=\"lazy\" decoding=\"async\" width=\"510\" height=\"510\" src=\"https:\/\/www.caesarformacion.es\/pagos\/wp-content\/uploads\/recibo-caesar-510x510.jpg\" class=\"wp-post-image skip-lazy\" alt=\"recibo Caesar\" title=\"recibo Caesar\" data-caption=\"\" data-src=\"https:\/\/www.caesarformacion.es\/pagos\/wp-content\/uploads\/recibo-caesar.jpg\" data-large_image=\"https:\/\/www.caesarformacion.es\/pagos\/wp-content\/uploads\/recibo-caesar.jpg\" data-large_image_width=\"768\" data-large_image_height=\"768\" srcset=\"https:\/\/www.caesarformacion.es\/pagos\/wp-content\/uploads\/recibo-caesar-510x510.jpg 510w, https:\/\/www.caesarformacion.es\/pagos\/wp-content\/uploads\/recibo-caesar-400x400.jpg 400w, https:\/\/www.caesarformacion.es\/pagos\/wp-content\/uploads\/recibo-caesar-100x100.jpg 100w, https:\/\/www.caesarformacion.es\/pagos\/wp-content\/uploads\/recibo-caesar.jpg 768w\" sizes=\"auto, (max-width: 510px) 100vw, 510px\" \/><\/a><\/div>  <\/figure>\n\n  <div class=\"image-tools absolute bottom left z-3\">\n        <a href=\"#product-zoom\" class=\"zoom-button button is-outline circle icon tooltip hide-for-small\" title=\"Zoom\">\n      <i class=\"icon-expand\" ><\/i>    <\/a>\n   <\/div>\n<\/div>\n\n    \t<\/div>\n\n    \t<div class=\"product-info summary col-fit col entry-summary product-summary text-left\">\n\n    \t\t<h1 class=\"product-title product_title entry-title\">\n\tPago de Recibo<\/h1>\n\n\t<div class=\"is-divider small\"><\/div>\n \n\t\n\t<form class=\"cart\" action=\"\" method=\"post\" enctype='multipart\/form-data'>\n\t\t<div class=\"nyp\" data-minimum-error=\"Please enter at least %%MINIMUM%%.\" data-hide-minimum=\"1\" data-hide-minimum-error=\"Por favor, introduzca una cantidad mayor.\" data-max-price=\"\" data-maximum-error=\"Please enter less than or equal to %%MAXIMUM%%.\" data-empty-error=\"Please enter an amount.\" data-initial-price=\"\" data-min-price=\"0.1\"  > \r\n\t\r\n\t\t<label for=\"nyp-1\">Importe a pagar ( &euro; )<\/label>\r\n\t\t<input\r\n\t\t\ttype=\"text\"\r\n\t\t\tid=\"nyp-1\"\r\n\t\t\tclass=\"input-text amount nyp-input text\"\r\n\t\t\tname=\"nyp\"\r\n\t\t\tvalue=\"\"\r\n\t\t\ttitle=\"Importe a pagar ( &euro; )\"\r\n\t\t\tplaceholder=\"\"\r\n\r\n\t\t\t\t\t\/>\r\n\r\n\t\t<input type=\"hidden\" name=\"update-price\" value=\"\" \/>\r\n\t\t<input type=\"hidden\" name=\"_nypnonce\" value=\"\" \/>\t\r\n\r\n\t<div id=\"nyp-error-1\" class=\"woocommerce-nyp-message\" aria-live=\"assertive\" style=\"display: none\"><ul class=\"woocommerce-error wc-nyp-error\"><\/ul><\/div>\r\n<\/div>\r\n\r\n\t\t\r\n<div class=\"wc-pao-addons-container\">\n<div class=\"wc-pao-addon-container wc-pao-required-addon wc-pao-addon wc-pao-addon-numero-de-recibo-o-concepto-que-se-paga\" data-product-name=\"Pago de Recibo\">\n\n\t\n\t\t\t\t\t\t<label for=\"addon-35977-numero-de-recibo-o-concepto-que-se-pag-0\" class=\"wc-pao-addon-name\" data-addon-name=\"N\u00famero de Recibo o Concepto que se paga\" data-has-per-person-pricing=\"\" data-has-per-block-pricing=\"\">N\u00famero de Recibo o Concepto que se paga <em class=\"required\" title=\"Campo obligatorio\">*<\/em>&nbsp;<\/label>\n\t\t\t\t\t\t\n\t\n<p class=\"form-row form-row-wide wc-pao-addon-wrap wc-pao-addon-35977-numero-de-recibo-o-concepto-que-se-pag-0\">\n\t\t\t\t\t<input type=\"text\" class=\"input-text wc-pao-addon-field wc-pao-addon-custom-text\" data-raw-price=\"\" data-price=\"\" name=\"addon-35977-numero-de-recibo-o-concepto-que-se-pag-0\" id=\"addon-35977-numero-de-recibo-o-concepto-que-se-pag-0\" data-price-type=\"flat_fee\" value=\"\"  required \/>\n\t\t<\/p>\n\t<\/div>\n<div id=\"product-addons-total\" data-show-sub-total=\"1\" data-type=\"simple\" data-tax-mode=\"incl\" data-tax-display-mode=\"incl\" data-price=\"0.1\" data-raw-price=\"0.1\" data-product-id=\"35977\"><\/div><\/div>\n\t\t\t<div class=\"quantity buttons_added\">\n\t\t<input type=\"button\" value=\"-\" class=\"minus button is-form\">\t\t\t\t<label class=\"screen-reader-text\" for=\"quantity_69e888494b36f\">Pago de Recibo cantidad<\/label>\n\t\t<input\n\t\t\ttype=\"number\"\n\t\t\tid=\"quantity_69e888494b36f\"\n\t\t\tclass=\"input-text qty text\"\n\t\t\tstep=\"1\"\n\t\t\tmin=\"1\"\n\t\t\tmax=\"\"\n\t\t\tname=\"quantity\"\n\t\t\tvalue=\"1\"\n\t\t\ttitle=\"Qty\"\n\t\t\tsize=\"4\"\n\t\t\tplaceholder=\"\"\n\t\t\tinputmode=\"numeric\" \/>\n\t\t\t\t<input type=\"button\" value=\"+\" class=\"plus button is-form\">\t<\/div>\n\t\n\t\t<button type=\"submit\" name=\"add-to-cart\" value=\"35977\" class=\"single_add_to_cart_button button alt\">Proceder al Pago<\/button>\n\n\t\t\t<\/form>\n\n\t\n<div class=\"product_meta\">\n\n\t\n\t\n\t<span class=\"posted_in\">Categor\u00eda: <a href=\"https:\/\/www.caesarformacion.es\/pagos\/sin-categoria\/\" rel=\"tag\">Sin categor\u00eda<\/a><\/span>\n\t\n\t\n<\/div>\n<div class=\"social-icons share-icons share-row relative\" ><a href=\"whatsapp:\/\/send?text=Pago%20de%20Recibo - https:\/\/www.caesarformacion.es\/pagos\/pago-de-recibo\/\" data-action=\"share\/whatsapp\/share\" class=\"icon button circle is-outline tooltip whatsapp show-for-medium\" title=\"Share on WhatsApp\" aria-label=\"Share on WhatsApp\"><i class=\"icon-whatsapp\"><\/i><\/a><a href=\"https:\/\/www.facebook.com\/sharer.php?u=https:\/\/www.caesarformacion.es\/pagos\/pago-de-recibo\/\" data-label=\"Facebook\" onclick=\"window.open(this.href,this.title,'width=500,height=500,top=300px,left=300px');  return false;\" rel=\"noopener noreferrer nofollow\" target=\"_blank\" class=\"icon button circle is-outline tooltip facebook\" title=\"Compartir en Facebook\" aria-label=\"Compartir en Facebook\"><i class=\"icon-facebook\" ><\/i><\/a><a href=\"https:\/\/twitter.com\/share?url=https:\/\/www.caesarformacion.es\/pagos\/pago-de-recibo\/\" onclick=\"window.open(this.href,this.title,'width=500,height=500,top=300px,left=300px');  return false;\" rel=\"noopener noreferrer nofollow\" target=\"_blank\" class=\"icon button circle is-outline tooltip twitter\" title=\"Compartir en Twitter\" aria-label=\"Compartir en Twitter\"><i class=\"icon-twitter\" ><\/i><\/a><a href=\"mailto:enteryour@addresshere.com?subject=Pago%20de%20Recibo&amp;body=Check%20this%20out:%20https:\/\/www.caesarformacion.es\/pagos\/pago-de-recibo\/\" rel=\"nofollow\" class=\"icon button circle is-outline tooltip email\" title=\"Env\u00eda por email\" aria-label=\"Env\u00eda por email\"><i class=\"icon-envelop\" ><\/i><\/a><a href=\"https:\/\/www.linkedin.com\/shareArticle?mini=true&url=https:\/\/www.caesarformacion.es\/pagos\/pago-de-recibo\/&title=Pago%20de%20Recibo\" onclick=\"window.open(this.href,this.title,'width=500,height=500,top=300px,left=300px');  return false;\"  rel=\"noopener noreferrer nofollow\" target=\"_blank\" class=\"icon button circle is-outline tooltip linkedin\" title=\"Share on LinkedIn\" aria-label=\"Share on LinkedIn\"><i class=\"icon-linkedin\" ><\/i><\/a><\/div>\n    \t<\/div>\n\n    \t<div id=\"product-sidebar\" class=\"mfp-hide\">\n    \t\t<div class=\"sidebar-inner\">\n    \t\t\t<aside id=\"custom_html-2\" class=\"widget_text widget widget_custom_html\"><span class=\"widget-title shop-sidebar\">Cuidamos de tu pedido<\/span><div class=\"is-divider small\"><\/div><div class=\"textwidget custom-html-widget\">[icon name=\"truck\" class=\"\" unprefixed_class=\"\"] Pide hoy, <a href=\"#envio\" title=\"Env\u00edos\" class=\"condiciones-envio-gratuito\">rec\u00edbelo ma\u00f1ana*<\/a><br \/>\r\n[icon name=\"unlock-alt\" class=\"\" unprefixed_class=\"\"] Pago 100% seguro<br \/>\r\n[icon name=\"envira\" class=\"\" unprefixed_class=\"\"] Muestras de perfume gratis<br \/>\r\n[icon name=\"gift\" class=\"\" unprefixed_class=\"\"] Envolvemos tus regalos<br \/>\r\n[icon name=\"smile-o\" class=\"\" unprefixed_class=\"\"] Miles de clientes satisfechos<br \/>\r\n\r\n\t<div id=\"envio\"\n\t     class=\"lightbox-by-id lightbox-content mfp-hide lightbox-white \"\n\t     style=\"max-width:600px ;padding:20px\">\n\t\t\r\n<h2 class=\"truck\"><i class=\"fa fa-truck\"><\/i> Condiciones Env\u00edo 24h<\/h2>\r\n<p>S\u00f3lo disponible en Espa\u00f1a (pen\u00ednsula) de lunes a jueves, salvo festivo y siempre antes de las 16:00h para que el pedido pueda llegar al d\u00eda siguiente. Deber\u00e1 abonarse con Tarjeta de cr\u00e9dito o Paypal ya que los pagos Contra reembolso o Transferencia bancaria requieren de confirmaci\u00f3n y por ello su env\u00edo r\u00e1pido no puede ser garantizado.<\/p>\r\n<p>En caso de festivo o fin de semana recibir\u00e1s tu pedido en 48-72 horas.<\/p>\r\n<p>Para el resto de pa\u00edses europeos, la entrega suele realizarse en unos 7 d\u00edas.<\/p>\r\n\t<\/div>\n\t\n\t<\/div><\/aside>    \t\t<\/div>\n    \t<\/div>\n\n    <\/div>\n  <\/div>\n\n  <div class=\"product-footer\">\n  \t<div class=\"container\">\n    \t\t\n\t<div class=\"woocommerce-tabs wc-tabs-wrapper container tabbed-content\">\n\t\t<ul class=\"tabs wc-tabs product-tabs small-nav-collapse nav nav-uppercase nav-tabs nav-normal nav-left\" role=\"tablist\">\n\t\t\t\t\t\t\t<li class=\"description_tab active\" id=\"tab-title-description\" role=\"tab\" aria-controls=\"tab-description\">\n\t\t\t\t\t<a href=\"#tab-description\">\n\t\t\t\t\t\tDescripci\u00f3n\t\t\t\t\t<\/a>\n\t\t\t\t<\/li>\n\t\t\t\t\t\t\t\t\t<\/ul>\n\t\t<div class=\"tab-panels\">\n\t\t\t\t\t\t\t<div class=\"woocommerce-Tabs-panel woocommerce-Tabs-panel--description panel entry-content active\" id=\"tab-description\" role=\"tabpanel\" aria-labelledby=\"tab-title-description\">\n\t\t\t\t\t\t\t\t\t\t\n\n<style>\n.quantity.buttons_added, .cuidamos, .social-icons, .product-page-accordian {display:none;}\n<\/style>\n\t\t\t\t<\/div>\n\t\t\t\t\t\t\t\n\t\t\t\t\t<\/div>\n\t<\/div>\n\n    <\/div>\n  <\/div>\n<\/div>\n<\/div>\n\t\t\t<\/div>\n\t\t\t<\/div>\n","protected":false},"excerpt":{"rendered":"","protected":false},"author":1,"featured_media":0,"parent":0,"menu_order":0,"comment_status":"closed","ping_status":"closed","template":"page-blank.php","meta":{"footnotes":""},"class_list":["post-16801","page","type-page","status-publish","hentry"],"_links":{"self":[{"href":"https:\/\/www.caesarformacion.es\/pagos\/wp-json\/wp\/v2\/pages\/16801","targetHints":{"allow":["GET"]}}],"collection":[{"href":"https:\/\/www.caesarformacion.es\/pagos\/wp-json\/wp\/v2\/pages"}],"about":[{"href":"https:\/\/www.caesarformacion.es\/pagos\/wp-json\/wp\/v2\/types\/page"}],"author":[{"embeddable":true,"href":"https:\/\/www.caesarformacion.es\/pagos\/wp-json\/wp\/v2\/users\/1"}],"replies":[{"embeddable":true,"href":"https:\/\/www.caesarformacion.es\/pagos\/wp-json\/wp\/v2\/comments?post=16801"}],"version-history":[{"count":0,"href":"https:\/\/www.caesarformacion.es\/pagos\/wp-json\/wp\/v2\/pages\/16801\/revisions"}],"wp:attachment":[{"href":"https:\/\/www.caesarformacion.es\/pagos\/wp-json\/wp\/v2\/media?parent=16801"}],"curies":[{"name":"wp","href":"https:\/\/api.w.org\/{rel}","templated":true}]}}